{"id":5217,"date":"2026-01-15T17:38:16","date_gmt":"2026-01-15T17:38:16","guid":{"rendered":"https:\/\/www.wellsteps.com\/explore\/?page_id=5217"},"modified":"2026-01-15T17:38:19","modified_gmt":"2026-01-15T17:38:19","slug":"biometric-data-notice-spanish","status":"publish","type":"page","link":"https:\/\/www.wellsteps.com\/explore\/biometric-data-notice-spanish\/","title":{"rendered":"Biometric Data Notice-Spanish"},"content":{"rendered":"\n[et_pb_section fb_built=&#8221;1&#8243; _builder_version=&#8221;4.27.4&#8243; _module_preset=&#8221;default&#8221; global_colors_info=&#8221;{}&#8221; theme_builder_area=&#8221;post_content&#8221;][et_pb_row _builder_version=&#8221;4.27.4&#8243; _module_preset=&#8221;default&#8221; global_colors_info=&#8221;{}&#8221; theme_builder_area=&#8221;post_content&#8221;][et_pb_column type=&#8221;4_4&#8243; _builder_version=&#8221;4.27.4&#8243; _module_preset=&#8221;default&#8221; global_colors_info=&#8221;{}&#8221; theme_builder_area=&#8221;post_content&#8221;][et_pb_heading title=&#8221;Aviso sobre Datos Biom\u00e9tricos de WellSteps&#8221; _builder_version=&#8221;4.27.5&#8243; _module_preset=&#8221;default&#8221; hover_enabled=&#8221;0&#8243; global_colors_info=&#8221;{}&#8221; theme_builder_area=&#8221;post_content&#8221; sticky_enabled=&#8221;0&#8243;][\/et_pb_heading][\/et_pb_column][\/et_pb_row][et_pb_row _builder_version=&#8221;4.27.4&#8243; _module_preset=&#8221;default&#8221; global_colors_info=&#8221;{}&#8221; theme_builder_area=&#8221;post_content&#8221;][et_pb_column type=&#8221;4_4&#8243; _builder_version=&#8221;4.27.4&#8243; _module_preset=&#8221;default&#8221; global_colors_info=&#8221;{}&#8221; theme_builder_area=&#8221;post_content&#8221;][et_pb_text _builder_version=&#8221;4.27.5&#8243; _module_preset=&#8221;default&#8221; global_colors_info=&#8221;{}&#8221; theme_builder_area=&#8221;post_content&#8221;]<p data-start=\"242\" data-end=\"703\">Este Aviso sobre Datos Biom\u00e9tricos explica c\u00f3mo WellSteps, LLC (\u201cWellSteps\u201d) recopila, utiliza, conserva y destruye informaci\u00f3n biom\u00e9trica en relaci\u00f3n con ciertos programas de bienestar. Este Aviso tiene como objetivo cumplir con las leyes aplicables sobre privacidad biom\u00e9trica, incluida la Ley de Privacidad de la Informaci\u00f3n Biom\u00e9trica de Illinois (BIPA), la Ley de Texas sobre la Captura o el Uso de Identificadores Biom\u00e9tricos, y leyes estatales similares.<\/p>\n<p data-start=\"705\" data-end=\"751\"><strong data-start=\"705\" data-end=\"751\">\u00daltima actualizaci\u00f3n: 15 de enero de 2026.<\/strong><\/p>\n<h3 data-start=\"758\" data-end=\"799\"><strong data-start=\"761\" data-end=\"799\">\u00bfQu\u00e9 es la Informaci\u00f3n Biom\u00e9trica?<\/strong><\/h3>\n<p data-start=\"801\" data-end=\"1058\">La \u201cinformaci\u00f3n biom\u00e9trica\u201d puede incluir identificadores biom\u00e9tricos o resultados de ex\u00e1menes biom\u00e9tricos, tales como mediciones o datos derivados de evaluaciones de salud, cuando se utilizan para identificar o asociar datos con un participante individual.<\/p>\n<h3 data-start=\"1065\" data-end=\"1100\"><strong data-start=\"1068\" data-end=\"1100\">Prop\u00f3sito de la Recopilaci\u00f3n<\/strong><\/h3>\n<p data-start=\"1102\" data-end=\"1302\">WellSteps recopila informaci\u00f3n biom\u00e9trica \u00fanicamente para administrar y respaldar programas de bienestar solicitados por los Patrocinadores del Programa y autorizados por los individuos participantes.<\/p>\n<h3 data-start=\"1309\" data-end=\"1330\"><strong data-start=\"1312\" data-end=\"1330\">Consentimiento<\/strong><\/h3>\n<p data-start=\"1332\" data-end=\"1547\">Cuando la ley lo exige, la informaci\u00f3n biom\u00e9trica se recopila \u00fanicamente despu\u00e9s de que usted haya proporcionado su consentimiento informado y por escrito. La participaci\u00f3n en evaluaciones biom\u00e9tricas es voluntaria.<\/p>\n<h3 data-start=\"1554\" data-end=\"1587\"><strong data-start=\"1557\" data-end=\"1587\">Conservaci\u00f3n y Destrucci\u00f3n<\/strong><\/h3>\n<p data-start=\"1589\" data-end=\"1936\">La informaci\u00f3n biom\u00e9trica se conserva \u00fanicamente durante el tiempo necesario para cumplir con el prop\u00f3sito para el cual fue recopilada o seg\u00fan lo exija la ley o un contrato. Los datos biom\u00e9tricos se destruyen de forma permanente cuando ya no son necesarios, utilizando m\u00e9todos de destrucci\u00f3n seguros y conformes con los est\u00e1ndares de la industria.<\/p>\n<h3 data-start=\"1943\" data-end=\"1969\"><strong data-start=\"1946\" data-end=\"1969\">Divulgaci\u00f3n y Venta<\/strong><\/h3>\n<p data-start=\"1971\" data-end=\"2286\">WellSteps no vende, arrienda, intercambia ni obtiene ning\u00fan beneficio de la informaci\u00f3n biom\u00e9trica. Los datos biom\u00e9tricos se divulgan \u00fanicamente a proveedores de servicios autorizados o a proveedores de evaluaciones biom\u00e9tricas, seg\u00fan sea necesario para prestar servicios de bienestar y conforme a la ley aplicable.<\/p>\n<h3 data-start=\"2293\" data-end=\"2312\"><strong data-start=\"2296\" data-end=\"2312\">Sus Derechos<\/strong><\/h3>\n<p data-start=\"2314\" data-end=\"2499\">Usted puede solicitar acceso a su informaci\u00f3n biom\u00e9trica o la eliminaci\u00f3n de la misma contactando a <strong data-start=\"2414\" data-end=\"2436\"><a data-start=\"2416\" data-end=\"2434\" class=\"decorated-link cursor-pointer\" rel=\"noopener\">info@wellsteps.com,<\/a><\/strong>\u00a0sujeto a las limitaciones legales y contractuales aplicables.<\/p>\n<h3 data-start=\"2506\" data-end=\"2536\"><strong data-start=\"2509\" data-end=\"2536\">Informaci\u00f3n de Contacto<\/strong><\/h3>\n<p data-start=\"2538\" data-end=\"2601\"><strong data-start=\"2538\" data-end=\"2556\">WellSteps, LLC<\/strong><br data-start=\"2556\" data-end=\"2559\" \/>Correo electr\u00f3nico: <strong data-start=\"2579\" data-end=\"2601\"><a data-start=\"2581\" data-end=\"2599\" class=\"decorated-link cursor-pointer\" rel=\"noopener\">info@wellsteps.com<span aria-hidden=\"true\" class=\"ms-0.5 inline-block align-middle leading-none\"><svg xmlns=\"http:\/\/www.w3.org\/2000\/svg\" width=\"20\" height=\"20\" aria-hidden=\"true\" data-rtl-flip=\"\" class=\"block h-[0.75em] w-[0.75em] stroke-current stroke-[0.75]\"><use href=\"\/cdn\/assets\/sprites-core-ihvgg3b1.svg#304883\" fill=\"currentColor\"><\/use><\/svg><\/span><\/a><\/strong><\/p>\n<p><span style=\"font-weight: 400;\"><a href=\"https:\/\/www.wellsteps.com\/explore\/biometric-data-notice\/\">View in English<\/a><br \/><\/span><\/p>\n<h3><\/h3>[\/et_pb_text][\/et_pb_column][\/et_pb_row][\/et_pb_section]\n","protected":false},"excerpt":{"rendered":"<p>Este Aviso sobre Datos Biom\u00e9tricos explica c\u00f3mo WellSteps, LLC (\u201cWellSteps\u201d) recopila, utiliza, conserva y destruye informaci\u00f3n biom\u00e9trica en relaci\u00f3n con ciertos programas de bienestar. Este Aviso tiene como objetivo cumplir con las leyes aplicables sobre privacidad biom\u00e9trica, incluida la Ley de Privacidad de la Informaci\u00f3n Biom\u00e9trica de Illinois (BIPA), la Ley de Texas sobre la [&hellip;]<\/p>\n","protected":false},"author":2,"featured_media":0,"parent":0,"menu_order":0,"comment_status":"closed","ping_status":"closed","template":"","meta":{"_et_pb_use_builder":"on","_et_pb_old_content":"","_et_gb_content_width":"","_eb_attr":"","footnotes":""},"class_list":["post-5217","page","type-page","status-publish","hentry"],"yoast_head":"<!-- This site is optimized with the Yoast SEO Premium plugin v26.3 (Yoast SEO v27.3) - https:\/\/yoast.com\/product\/yoast-seo-premium-wordpress\/ -->\n<title>Biometric Data Notice-Spanish - WellSteps<\/title>\n<meta name=\"description\" content=\"Biometric Data Notice from WellSteps in Spanish.\" \/>\n<meta name=\"robots\" content=\"index, follow, max-snippet:-1, max-image-preview:large, max-video-preview:-1\" \/>\n<link rel=\"canonical\" href=\"https:\/\/www.wellsteps.com\/explore\/biometric-data-notice-spanish\/\" \/>\n<meta property=\"og:locale\" content=\"en_US\" \/>\n<meta property=\"og:type\" content=\"article\" \/>\n<meta property=\"og:title\" content=\"Biometric Data Notice-Spanish\" \/>\n<meta property=\"og:description\" content=\"Biometric Data Notice from WellSteps in Spanish.\" \/>\n<meta property=\"og:url\" content=\"https:\/\/www.wellsteps.com\/explore\/biometric-data-notice-spanish\/\" \/>\n<meta property=\"og:site_name\" content=\"WellSteps\" \/>\n<meta property=\"article:publisher\" content=\"https:\/\/www.facebook.com\/WellSteps\/\" \/>\n<meta property=\"article:modified_time\" content=\"2026-01-15T17:38:19+00:00\" \/>\n<meta name=\"twitter:card\" content=\"summary_large_image\" \/>\n<meta name=\"twitter:site\" content=\"@wellsteps\" \/>\n<meta name=\"twitter:label1\" content=\"Est. reading time\" \/>\n\t<meta name=\"twitter:data1\" content=\"2 minutes\" \/>\n<script type=\"application\/ld+json\" class=\"yoast-schema-graph\">{\"@context\":\"https:\\\/\\\/schema.org\",\"@graph\":[{\"@type\":\"WebPage\",\"@id\":\"https:\\\/\\\/www.wellsteps.com\\\/explore\\\/biometric-data-notice-spanish\\\/\",\"url\":\"https:\\\/\\\/www.wellsteps.com\\\/explore\\\/biometric-data-notice-spanish\\\/\",\"name\":\"Biometric Data Notice-Spanish - WellSteps\",\"isPartOf\":{\"@id\":\"https:\\\/\\\/www.wellsteps.com\\\/explore\\\/#website\"},\"datePublished\":\"2026-01-15T17:38:16+00:00\",\"dateModified\":\"2026-01-15T17:38:19+00:00\",\"description\":\"Biometric Data Notice from WellSteps in Spanish.\",\"breadcrumb\":{\"@id\":\"https:\\\/\\\/www.wellsteps.com\\\/explore\\\/biometric-data-notice-spanish\\\/#breadcrumb\"},\"inLanguage\":\"en-US\",\"potentialAction\":[{\"@type\":\"ReadAction\",\"target\":[\"https:\\\/\\\/www.wellsteps.com\\\/explore\\\/biometric-data-notice-spanish\\\/\"]}]},{\"@type\":\"BreadcrumbList\",\"@id\":\"https:\\\/\\\/www.wellsteps.com\\\/explore\\\/biometric-data-notice-spanish\\\/#breadcrumb\",\"itemListElement\":[{\"@type\":\"ListItem\",\"position\":1,\"name\":\"Home\",\"item\":\"https:\\\/\\\/www.wellsteps.com\\\/explore\\\/\"},{\"@type\":\"ListItem\",\"position\":2,\"name\":\"Biometric Data Notice-Spanish\"}]},{\"@type\":\"WebSite\",\"@id\":\"https:\\\/\\\/www.wellsteps.com\\\/explore\\\/#website\",\"url\":\"https:\\\/\\\/www.wellsteps.com\\\/explore\\\/\",\"name\":\"WellSteps\",\"description\":\"WellSteps | Corporate Wellness\",\"publisher\":{\"@id\":\"https:\\\/\\\/www.wellsteps.com\\\/explore\\\/#organization\"},\"potentialAction\":[{\"@type\":\"SearchAction\",\"target\":{\"@type\":\"EntryPoint\",\"urlTemplate\":\"https:\\\/\\\/www.wellsteps.com\\\/explore\\\/?s={search_term_string}\"},\"query-input\":{\"@type\":\"PropertyValueSpecification\",\"valueRequired\":true,\"valueName\":\"search_term_string\"}}],\"inLanguage\":\"en-US\"},{\"@type\":\"Organization\",\"@id\":\"https:\\\/\\\/www.wellsteps.com\\\/explore\\\/#organization\",\"name\":\"WellSteps\",\"url\":\"https:\\\/\\\/www.wellsteps.com\\\/explore\\\/\",\"logo\":{\"@type\":\"ImageObject\",\"inLanguage\":\"en-US\",\"@id\":\"https:\\\/\\\/www.wellsteps.com\\\/explore\\\/#\\\/schema\\\/logo\\\/image\\\/\",\"url\":\"https:\\\/\\\/www.wellsteps.com\\\/explore\\\/wp-content\\\/uploads\\\/2023\\\/11\\\/BRIGHTBlue-WS-Logo.png\",\"contentUrl\":\"https:\\\/\\\/www.wellsteps.com\\\/explore\\\/wp-content\\\/uploads\\\/2023\\\/11\\\/BRIGHTBlue-WS-Logo.png\",\"width\":654,\"height\":237,\"caption\":\"WellSteps\"},\"image\":{\"@id\":\"https:\\\/\\\/www.wellsteps.com\\\/explore\\\/#\\\/schema\\\/logo\\\/image\\\/\"},\"sameAs\":[\"https:\\\/\\\/www.facebook.com\\\/WellSteps\\\/\",\"https:\\\/\\\/x.com\\\/wellsteps\",\"https:\\\/\\\/www.linkedin.com\\\/company\\\/wellsteps\",\"https:\\\/\\\/www.instagram.com\\\/p\\\/Cyn5CXLsPHL\\\/\",\"https:\\\/\\\/www.pinterest.com\\\/WellSteps\\\/\"]}]}<\/script>\n<!-- \/ Yoast SEO Premium plugin. -->","yoast_head_json":{"title":"Biometric Data Notice-Spanish - WellSteps","description":"Biometric Data Notice from WellSteps in Spanish.","robots":{"index":"index","follow":"follow","max-snippet":"max-snippet:-1","max-image-preview":"max-image-preview:large","max-video-preview":"max-video-preview:-1"},"canonical":"https:\/\/www.wellsteps.com\/explore\/biometric-data-notice-spanish\/","og_locale":"en_US","og_type":"article","og_title":"Biometric Data Notice-Spanish","og_description":"Biometric Data Notice from WellSteps in Spanish.","og_url":"https:\/\/www.wellsteps.com\/explore\/biometric-data-notice-spanish\/","og_site_name":"WellSteps","article_publisher":"https:\/\/www.facebook.com\/WellSteps\/","article_modified_time":"2026-01-15T17:38:19+00:00","twitter_card":"summary_large_image","twitter_site":"@wellsteps","twitter_misc":{"Est. reading time":"2 minutes"},"schema":{"@context":"https:\/\/schema.org","@graph":[{"@type":"WebPage","@id":"https:\/\/www.wellsteps.com\/explore\/biometric-data-notice-spanish\/","url":"https:\/\/www.wellsteps.com\/explore\/biometric-data-notice-spanish\/","name":"Biometric Data Notice-Spanish - WellSteps","isPartOf":{"@id":"https:\/\/www.wellsteps.com\/explore\/#website"},"datePublished":"2026-01-15T17:38:16+00:00","dateModified":"2026-01-15T17:38:19+00:00","description":"Biometric Data Notice from WellSteps in Spanish.","breadcrumb":{"@id":"https:\/\/www.wellsteps.com\/explore\/biometric-data-notice-spanish\/#breadcrumb"},"inLanguage":"en-US","potentialAction":[{"@type":"ReadAction","target":["https:\/\/www.wellsteps.com\/explore\/biometric-data-notice-spanish\/"]}]},{"@type":"BreadcrumbList","@id":"https:\/\/www.wellsteps.com\/explore\/biometric-data-notice-spanish\/#breadcrumb","itemListElement":[{"@type":"ListItem","position":1,"name":"Home","item":"https:\/\/www.wellsteps.com\/explore\/"},{"@type":"ListItem","position":2,"name":"Biometric Data Notice-Spanish"}]},{"@type":"WebSite","@id":"https:\/\/www.wellsteps.com\/explore\/#website","url":"https:\/\/www.wellsteps.com\/explore\/","name":"WellSteps","description":"WellSteps | Corporate Wellness","publisher":{"@id":"https:\/\/www.wellsteps.com\/explore\/#organization"},"potentialAction":[{"@type":"SearchAction","target":{"@type":"EntryPoint","urlTemplate":"https:\/\/www.wellsteps.com\/explore\/?s={search_term_string}"},"query-input":{"@type":"PropertyValueSpecification","valueRequired":true,"valueName":"search_term_string"}}],"inLanguage":"en-US"},{"@type":"Organization","@id":"https:\/\/www.wellsteps.com\/explore\/#organization","name":"WellSteps","url":"https:\/\/www.wellsteps.com\/explore\/","logo":{"@type":"ImageObject","inLanguage":"en-US","@id":"https:\/\/www.wellsteps.com\/explore\/#\/schema\/logo\/image\/","url":"https:\/\/www.wellsteps.com\/explore\/wp-content\/uploads\/2023\/11\/BRIGHTBlue-WS-Logo.png","contentUrl":"https:\/\/www.wellsteps.com\/explore\/wp-content\/uploads\/2023\/11\/BRIGHTBlue-WS-Logo.png","width":654,"height":237,"caption":"WellSteps"},"image":{"@id":"https:\/\/www.wellsteps.com\/explore\/#\/schema\/logo\/image\/"},"sameAs":["https:\/\/www.facebook.com\/WellSteps\/","https:\/\/x.com\/wellsteps","https:\/\/www.linkedin.com\/company\/wellsteps","https:\/\/www.instagram.com\/p\/Cyn5CXLsPHL\/","https:\/\/www.pinterest.com\/WellSteps\/"]}]}},"_links":{"self":[{"href":"https:\/\/www.wellsteps.com\/explore\/wp-json\/wp\/v2\/pages\/5217","targetHints":{"allow":["GET"]}}],"collection":[{"href":"https:\/\/www.wellsteps.com\/explore\/wp-json\/wp\/v2\/pages"}],"about":[{"href":"https:\/\/www.wellsteps.com\/explore\/wp-json\/wp\/v2\/types\/page"}],"author":[{"embeddable":true,"href":"https:\/\/www.wellsteps.com\/explore\/wp-json\/wp\/v2\/users\/2"}],"replies":[{"embeddable":true,"href":"https:\/\/www.wellsteps.com\/explore\/wp-json\/wp\/v2\/comments?post=5217"}],"version-history":[{"count":4,"href":"https:\/\/www.wellsteps.com\/explore\/wp-json\/wp\/v2\/pages\/5217\/revisions"}],"predecessor-version":[{"id":5222,"href":"https:\/\/www.wellsteps.com\/explore\/wp-json\/wp\/v2\/pages\/5217\/revisions\/5222"}],"wp:attachment":[{"href":"https:\/\/www.wellsteps.com\/explore\/wp-json\/wp\/v2\/media?parent=5217"}],"curies":[{"name":"wp","href":"https:\/\/api.w.org\/{rel}","templated":true}]}}